{"id":46553,"date":"2018-02-11T21:01:58","date_gmt":"2018-02-11T21:01:58","guid":{"rendered":"http:\/\/www.sudopreal.cz\/?page_id=46553"},"modified":"2026-03-31T07:15:19","modified_gmt":"2026-03-31T07:15:19","slug":"dokumenty-spolecnosti","status":"publish","type":"page","link":"https:\/\/www.sudopreal.cz\/index.php\/dokumenty-spolecnosti\/","title":{"rendered":"Dokumenty spole\u010dnosti"},"content":{"rendered":"<p>[et_pb_section fb_built=&#8220;1&#8243; fullwidth=&#8220;on&#8220; _builder_version=&#8220;4.16&#8243; global_colors_info=&#8220;{}&#8220;][et_pb_fullwidth_header title=&#8220;Dokumenty spole\u010dnosti&#8220; _builder_version=&#8220;4.16&#8243; title_font=&#8220;Open Sans||||||||&#8220; title_font_size=&#8220;45px&#8220; title_line_height=&#8220;2em&#8220; content_font=&#8220;Open Sans|300|||||||&#8220; content_font_size=&#8220;18px&#8220; background_color=&#8220;rgba(255, 255, 255, 0)&#8220; background_layout=&#8220;light&#8220; global_colors_info=&#8220;{}&#8220; button_one_text_size__hover_enabled=&#8220;off&#8220; button_one_text_size__hover=&#8220;null&#8220; button_two_text_size__hover_enabled=&#8220;off&#8220; button_two_text_size__hover=&#8220;null&#8220; button_one_text_color__hover_enabled=&#8220;off&#8220; button_one_text_color__hover=&#8220;null&#8220; button_two_text_color__hover_enabled=&#8220;off&#8220; button_two_text_color__hover=&#8220;null&#8220; button_one_border_width__hover_enabled=&#8220;off&#8220; button_one_border_width__hover=&#8220;null&#8220; button_two_border_width__hover_enabled=&#8220;off&#8220; button_two_border_width__hover=&#8220;null&#8220; button_one_border_color__hover_enabled=&#8220;off&#8220; button_one_border_color__hover=&#8220;null&#8220; button_two_border_color__hover_enabled=&#8220;off&#8220; button_two_border_color__hover=&#8220;null&#8220; button_one_border_radius__hover_enabled=&#8220;off&#8220; button_one_border_radius__hover=&#8220;null&#8220; button_two_border_radius__hover_enabled=&#8220;off&#8220; button_two_border_radius__hover=&#8220;null&#8220; button_one_letter_spacing__hover_enabled=&#8220;off&#8220; button_one_letter_spacing__hover=&#8220;null&#8220; button_two_letter_spacing__hover_enabled=&#8220;off&#8220; button_two_letter_spacing__hover=&#8220;null&#8220; button_one_bg_color__hover_enabled=&#8220;off&#8220; button_one_bg_color__hover=&#8220;null&#8220; button_two_bg_color__hover_enabled=&#8220;off&#8220; button_two_bg_color__hover=&#8220;null&#8220;]<\/p>\n<p>\nPozv\u00e1nky na valnou hromadu.<strong>\u00a0<\/strong>Uve\u0159ejn\u011bn\u00edm dokumentu se pozv\u00e1nka pova\u017euje za doru\u010denou.<\/p>\n<p>[\/et_pb_fullwidth_header][\/et_pb_section][et_pb_section fb_built=&#8220;1&#8243; _builder_version=&#8220;4.16&#8243; min_height=&#8220;100vh&#8220; custom_margin=&#8220;-50px|||&#8220; global_colors_info=&#8220;{}&#8220;][et_pb_row _builder_version=&#8220;4.16&#8243; global_colors_info=&#8220;{}&#8220;][et_pb_column type=&#8220;4_4&#8243; _builder_version=&#8220;4.16&#8243; custom_padding=&#8220;|||&#8220; global_colors_info=&#8220;{}&#8220; custom_padding__hover=&#8220;|||&#8220;][et_pb_text _builder_version=&#8220;4.16&#8243; text_font=&#8220;Open Sans||||||||&#8220; text_font_size=&#8220;26px&#8220; text_line_height=&#8220;1em&#8220; global_colors_info=&#8220;{}&#8220;]<\/p>\n<p>\nDokumenty ke sta\u017een\u00ed<\/p>\n<p>[\/et_pb_text][\/et_pb_column][\/et_pb_row][et_pb_row column_structure=&#8220;1_2,1_2&#8243; _builder_version=&#8220;4.16&#8243; background_size=&#8220;initial&#8220; background_position=&#8220;top_left&#8220; background_repeat=&#8220;repeat&#8220; global_colors_info=&#8220;{}&#8220;][et_pb_column type=&#8220;1_2&#8243; _builder_version=&#8220;4.16&#8243; custom_padding=&#8220;|||&#8220; global_colors_info=&#8220;{}&#8220; custom_padding__hover=&#8220;|||&#8220;][et_pb_blurb _builder_version=&#8220;4.17.1&#8243; _module_preset=&#8220;default&#8220; global_colors_info=&#8220;{}&#8220;]<\/p>\n<p>Usedlost Krenovka \u2013\u00a0GRANT z Fond\u016f EHP 2021-24<\/p>\n<p><a href=\"http:\/\/www.sudopreal.cz\/wp-content\/uploads\/2022\/06\/Zprava-o-podpore-projektu.pdf\" rel=\"attachment wp-att-46933\">Zpr\u00e1va o podpo\u0159e projektu<\/a><\/p>\n<p>[\/et_pb_blurb][et_pb_blurb title=&#8220;Stavba FVE spole\u010dnosti SUDOP REAL (budova Ol\u0161ansk\u00e1, Praha 3)  \u2013 N\u00e1rodn\u00ed pl\u00e1n obnovy &#8220; _builder_version=&#8220;4.17.1&#8243; _module_preset=&#8220;default&#8220; global_colors_info=&#8220;{}&#8220;]<\/p>\n<p><a href=\"http:\/\/www.sudopreal.cz\/wp-content\/uploads\/2023\/04\/Navrh-ROPD-SUDOP-REAL.pdf\" rel=\"attachment wp-att-46941\">Rozhodnut\u00ed o poskytnut\u00ed dotace<\/a><\/p>\n<p><a href=\"http:\/\/www.sudopreal.cz\/wp-content\/uploads\/2023\/04\/Navrh-ROPD-SUDOP-REAL.pdf\" rel=\"attachment wp-att-46941\"><img loading=\"lazy\" class=\"wp-image-46940 alignnone \" src=\"http:\/\/www.sudopreal.cz\/wp-content\/uploads\/2023\/04\/PUBLICITA-NPO-SUDOP-300x154.jpg\" alt=\"N\u00e1rodn\u00ed pl\u00e1n obnovy\" width=\"382\" height=\"196\" \/><\/a><\/p>\n<p><a href=\"http:\/\/www.sudopreal.cz\/wp-content\/uploads\/2023\/04\/Navrh-ROPD-SUDOP-REAL.pdf\" rel=\"attachment wp-att-46941\"><img loading=\"lazy\" class=\"wp-image-46945 alignnone size-medium\" src=\"http:\/\/www.sudopreal.cz\/wp-content\/uploads\/2023\/04\/FTV-225x300.jpg\" alt=\"\" width=\"225\" height=\"300\" \/><\/a><\/p>\n<p>[\/et_pb_blurb][\/et_pb_column][et_pb_column type=&#8220;1_2&#8243; _builder_version=&#8220;4.16&#8243; custom_padding=&#8220;|||&#8220; global_colors_info=&#8220;{}&#8220; custom_padding__hover=&#8220;|||&#8220;][et_pb_blurb title=&#8220;V\u00ddSTAVBA FVE SPOLE\u010cNOSTI SUDOP REAL &#8211; OLOMOUC&#8220; _builder_version=&#8220;4.17.1&#8243; _module_preset=&#8220;default&#8220; global_colors_info=&#8220;{}&#8220;]<div id=\"attachment_46990\" style=\"width: 310px\" class=\"wp-caption alignnone\"><img aria-describedby=\"caption-attachment-46990\" loading=\"lazy\" class=\"wp-image-46990 size-medium\" src=\"http:\/\/www.sudopreal.cz\/wp-content\/uploads\/2026\/03\/Publicita-SUDOP-web-300x169.jpeg\" alt=\"\" width=\"300\" height=\"169\" \/><p id=\"caption-attachment-46990\" class=\"wp-caption-text\">V\u00ddSTAVBA FVESPOLE\u010cNOSTISUDOP REAL -OLOMOUC<\/p><\/div>[\/et_pb_blurb][et_pb_blurb _builder_version=&#8220;4.17.1&#8243; _module_preset=&#8220;default&#8220; title=&#8220;UPOZORN\u011aN\u00cd PRO V\u011a\u0158ITELE, Z\u00c1STUPCE ZAM\u011aSTNANC\u016e, POP\u0158\u00cdPAD\u011a ZAM\u011aSTNANCE A SPOLE\u010cN\u00cdKY NEBO \u010cLENY NA JEJICH PR\u00c1VA PODLE Z\u00c1KONA \u010c.125\/2008 Sb., O P\u0158EM\u011aN\u00c1CH OBCHODN\u00cdCH SPOLE\u010cNOST\u00cd A DRU\u017dSTEV&#8220; hover_enabled=&#8220;0&#8243; sticky_enabled=&#8220;0&#8243;]<\/p>\n<p><a href=\"http:\/\/www.sudopreal.cz\/wp-content\/uploads\/2026\/03\/Upozorne\u030cni\u0301-pro-ve\u030cr\u030citele-za\u0301stupce-zame\u030cstnancu\u030a-popr\u030ci\u0301pade\u030c-zame\u030cstnance-a-spolec\u030cni\u0301ky-na-jejich-pra\u0301va_sgn.pdf\" rel=\"attachment wp-att-46994\">Upozorne\u030cni\u0301 pro ve\u030cr\u030citele, za\u0301stupce zame\u030cstnancu\u030a, popr\u030ci\u0301pade\u030c zame\u030cstnance a spolec\u030cni\u0301ky na jejich pra\u0301va_sgn<\/a><\/p>\n<p>[\/et_pb_blurb][\/et_pb_column][\/et_pb_row][\/et_pb_section]<\/p>\n","protected":false},"excerpt":{"rendered":"<p>Pozv\u00e1nky na valnou hromadu.\u00a0Uve\u0159ejn\u011bn\u00edm dokumentu se pozv\u00e1nka pova\u017euje za doru\u010denou. Dokumenty ke sta\u017een\u00ed Usedlost Krenovka \u2013\u00a0GRANT z Fond\u016f EHP 2021-24 Zpr\u00e1va o podpo\u0159e projektuRozhodnut\u00ed o poskytnut\u00ed dotace Upozorne\u030cni\u0301 pro ve\u030cr\u030citele, za\u0301stupce zame\u030cstnancu\u030a, popr\u030ci\u0301pade\u030c zame\u030cstnance a spolec\u030cni\u0301ky na jejich pra\u0301va_sgn<\/p>\n","protected":false},"author":1,"featured_media":0,"parent":0,"menu_order":0,"comment_status":"closed","ping_status":"closed","template":"","meta":{"_et_pb_use_builder":"on","_et_pb_old_content":"","_et_gb_content_width":""},"_links":{"self":[{"href":"https:\/\/www.sudopreal.cz\/index.php\/wp-json\/wp\/v2\/pages\/46553"}],"collection":[{"href":"https:\/\/www.sudopreal.cz\/index.php\/wp-json\/wp\/v2\/pages"}],"about":[{"href":"https:\/\/www.sudopreal.cz\/index.php\/wp-json\/wp\/v2\/types\/page"}],"author":[{"embeddable":true,"href":"https:\/\/www.sudopreal.cz\/index.php\/wp-json\/wp\/v2\/users\/1"}],"replies":[{"embeddable":true,"href":"https:\/\/www.sudopreal.cz\/index.php\/wp-json\/wp\/v2\/comments?post=46553"}],"version-history":[{"count":47,"href":"https:\/\/www.sudopreal.cz\/index.php\/wp-json\/wp\/v2\/pages\/46553\/revisions"}],"predecessor-version":[{"id":46996,"href":"https:\/\/www.sudopreal.cz\/index.php\/wp-json\/wp\/v2\/pages\/46553\/revisions\/46996"}],"wp:attachment":[{"href":"https:\/\/www.sudopreal.cz\/index.php\/wp-json\/wp\/v2\/media?parent=46553"}],"curies":[{"name":"wp","href":"https:\/\/api.w.org\/{rel}","templated":true}]}}