{"id":46526,"date":"2018-01-22T21:53:03","date_gmt":"2018-01-22T21:53:03","guid":{"rendered":"http:\/\/www.sudopreal.cz\/?page_id=46526"},"modified":"2022-04-28T11:12:59","modified_gmt":"2022-04-28T11:12:59","slug":"home","status":"publish","type":"page","link":"https:\/\/www.sudopreal.cz\/","title":{"rendered":"Home"},"content":{"rendered":"<p>[et_pb_section fb_built=&#8220;1&#8243; fullwidth=&#8220;on&#8220; admin_label=&#8220;Page Header&#8220; _builder_version=&#8220;4.16&#8243; background_image=&#8220;http:\/\/www.sudopreal.cz\/wp-content\/uploads\/2018\/01\/business-14.jpg&#8220; parallax=&#8220;on&#8220; global_colors_info=&#8220;{}&#8220;][et_pb_fullwidth_header title=&#8220;SUDOP Real a. s.&#8220; text_orientation=&#8220;center&#8220; button_one_url=&#8220;#&#8220; button_two_url=&#8220;#&#8220; admin_label=&#8220;Hero Section&#8220; _builder_version=&#8220;4.16&#8243; title_font=&#8220;Open Sans|700|||||||&#8220; title_font_size=&#8220;74px&#8220; title_line_height=&#8220;1.4em&#8220; content_font_size=&#8220;22px&#8220; content_line_height=&#8220;1.8em&#8220; subhead_font=&#8220;||||&#8220; background_color=&#8220;rgba(255, 255, 255, 0)&#8220; use_background_color_gradient=&#8220;on&#8220; background_color_gradient_type=&#8220;circular&#8220; background_color_gradient_stops=&#8220;rgba(0,0,0,0.36) 0%|rgba(0,0,0,0) 70%&#8220; background_color_gradient_start=&#8220;rgba(0,0,0,0.36)&#8220; background_color_gradient_end=&#8220;rgba(0,0,0,0)&#8220; background_color_gradient_end_position=&#8220;70%&#8220; custom_button_one=&#8220;on&#8220; button_one_text_size=&#8220;16px&#8220; button_one_bg_color=&#8220;#6eba01&#8243; button_one_border_color=&#8220;#6eba01&#8243; button_one_border_radius=&#8220;0&#8243; button_one_letter_spacing=&#8220;2&#8243; button_one_font=&#8220;Montserrat|||on|&#8220; button_one_use_icon=&#8220;off&#8220; custom_button_two=&#8220;on&#8220; button_two_text_size=&#8220;16px&#8220; button_two_border_color=&#8220;#ffffff&#8220; button_two_border_radius=&#8220;0&#8243; button_two_letter_spacing=&#8220;2&#8243; button_two_font=&#8220;Montserrat|||on|&#8220; button_two_use_icon=&#8220;off&#8220; module_alignment=&#8220;left&#8220; custom_margin=&#8220;|||&#8220; custom_padding=&#8220;120px||120px|&#8220; animation_style=&#8220;fade&#8220; button_one_text_color_hover=&#8220;#6eba01&#8243; button_two_text_color_hover=&#8220;#6eba01&#8243; button_one_border_color_hover=&#8220;#ffffff&#8220; button_two_border_color_hover=&#8220;#ffffff&#8220; button_one_border_radius_hover=&#8220;0&#8243; button_two_border_radius_hover=&#8220;0&#8243; button_one_letter_spacing_hover=&#8220;2&#8243; button_two_letter_spacing_hover=&#8220;2&#8243; button_one_bg_color_hover=&#8220;#ffffff&#8220; button_two_bg_color_hover=&#8220;#ffffff&#8220; global_colors_info=&#8220;{}&#8220; button_one_text_size__hover_enabled=&#8220;off&#8220; button_two_text_size__hover_enabled=&#8220;off&#8220; button_one_text_color__hover_enabled=&#8220;on&#8220; button_one_text_color__hover=&#8220;#6eba01&#8243; button_two_text_color__hover_enabled=&#8220;on&#8220; button_two_text_color__hover=&#8220;#6eba01&#8243; button_one_border_width__hover_enabled=&#8220;off&#8220; button_two_border_width__hover_enabled=&#8220;off&#8220; button_one_border_color__hover_enabled=&#8220;on&#8220; button_one_border_color__hover=&#8220;#ffffff&#8220; button_two_border_color__hover_enabled=&#8220;on&#8220; button_two_border_color__hover=&#8220;#ffffff&#8220; button_one_border_radius__hover_enabled=&#8220;on&#8220; button_one_border_radius__hover=&#8220;0&#8243; button_two_border_radius__hover_enabled=&#8220;on&#8220; button_two_border_radius__hover=&#8220;0&#8243; button_one_letter_spacing__hover_enabled=&#8220;on&#8220; button_one_letter_spacing__hover=&#8220;2&#8243; button_two_letter_spacing__hover_enabled=&#8220;on&#8220; button_two_letter_spacing__hover=&#8220;2&#8243; button_one_bg_color__hover_enabled=&#8220;on&#8220; button_one_bg_color__hover=&#8220;#ffffff&#8220; button_two_bg_color__hover_enabled=&#8220;on&#8220; button_two_bg_color__hover=&#8220;#ffffff&#8220;]Spole\u010dnost byla zalo\u017eena pro \u00fa\u010dely pron\u00e1jmu nemovitost\u00ed, byt\u016f a nebytov\u00fdch prostor<br \/>\n[\/et_pb_fullwidth_header][\/et_pb_section][et_pb_section fb_built=&#8220;1&#8243; fullwidth=&#8220;on&#8220; _builder_version=&#8220;4.16&#8243; custom_padding=&#8220;||-40px|&#8220; global_colors_info=&#8220;{}&#8220;][et_pb_fullwidth_header title=&#8220;Kontaktn\u00ed \u00fadaje&#8220; _builder_version=&#8220;4.16&#8243; title_font=&#8220;Open Sans||||||||&#8220; title_text_align=&#8220;center&#8220; title_font_size=&#8220;45px&#8220; title_line_height=&#8220;2em&#8220; content_font=&#8220;Open Sans|300|||||||&#8220; content_text_align=&#8220;center&#8220; content_font_size=&#8220;18px&#8220; background_color=&#8220;rgba(255, 255, 255, 0)&#8220; background_color_gradient_start=&#8220;rgba(0,0,0,0.59)&#8220; background_color_gradient_end=&#8220;rgba(0,0,0,0.31)&#8220; background_layout=&#8220;light&#8220; global_colors_info=&#8220;{}&#8220; button_one_text_size__hover_enabled=&#8220;off&#8220; button_two_text_size__hover_enabled=&#8220;off&#8220; button_one_text_color__hover_enabled=&#8220;off&#8220; button_two_text_color__hover_enabled=&#8220;off&#8220; button_one_border_width__hover_enabled=&#8220;off&#8220; button_two_border_width__hover_enabled=&#8220;off&#8220; button_one_border_color__hover_enabled=&#8220;off&#8220; button_two_border_color__hover_enabled=&#8220;off&#8220; button_one_border_radius__hover_enabled=&#8220;off&#8220; button_two_border_radius__hover_enabled=&#8220;off&#8220; button_one_letter_spacing__hover_enabled=&#8220;off&#8220; button_two_letter_spacing__hover_enabled=&#8220;off&#8220; button_one_bg_color__hover_enabled=&#8220;off&#8220; button_two_bg_color__hover_enabled=&#8220;off&#8220;]Obchodn\u00ed a kontaktn\u00ed \u00fadaje akciov\u00e9 spole\u010dnosti SUDOP Real.<br \/>\n[\/et_pb_fullwidth_header][\/et_pb_section][et_pb_section fb_built=&#8220;1&#8243; _builder_version=&#8220;4.16&#8243; global_colors_info=&#8220;{}&#8220;][et_pb_row _builder_version=&#8220;4.16&#8243; custom_margin=&#8220;-50px|||&#8220; global_colors_info=&#8220;{}&#8220; column_structure=&#8220;1_3,1_3,1_3&#8243;][et_pb_column type=&#8220;1_3&#8243; _builder_version=&#8220;4.16&#8243; custom_padding=&#8220;|||&#8220; global_colors_info=&#8220;{}&#8220; custom_padding__hover=&#8220;|||&#8220;][et_pb_blurb title=&#8220;S\u00eddlo spole\u010dnosti&#8220; use_icon=&#8220;on&#8220; font_icon=&#8220;&#xe074;||divi||400&#8243; icon_color=&#8220;#a20e3e&#8220; image_icon_background_color=&#8220;#ffffff&#8220; image_icon_width=&#8220;48px&#8220; _builder_version=&#8220;4.16&#8243; header_level=&#8220;h3&#8243; header_font=&#8220;Open Sans||||||||&#8220; header_font_size=&#8220;26&#8243; image_icon_custom_padding=&#8220;25px|25px|25px|25px|false|false&#8220; text_orientation=&#8220;center&#8220; border_radii_image=&#8220;on|100%|100%|100%|100%&#8220; border_width_all_image=&#8220;3px&#8220; border_color_all_image=&#8220;#a20e3e&#8220; use_circle=&#8220;on&#8220; use_circle_border=&#8220;on&#8220; circle_border_color=&#8220;#a20e3e&#8220; circle_color=&#8220;#ffffff&#8220; global_colors_info=&#8220;{}&#8220; image_icon_background_color__sticky_enabled=&#8220;#7EBEC5&#8243; image_icon_background_color__sticky=&#8220;#7EBEC5&#8243;]<strong>SUDOP Real a.s.<br \/>\n<\/strong>Ol\u0161ansk\u00e1 2643\/1a<br \/>\n130 00, Praha &#8211; \u017di\u017ekov<br \/>\n[\/et_pb_blurb][\/et_pb_column][et_pb_column type=&#8220;1_3&#8243; _builder_version=&#8220;4.16&#8243; custom_padding=&#8220;|||&#8220; global_colors_info=&#8220;{}&#8220; custom_padding__hover=&#8220;|||&#8220;][et_pb_blurb title=&#8220;Obchodn\u00ed \u00fadaje&#8220; use_icon=&#8220;on&#8220; font_icon=&#8220;&#xe058;||divi||400&#8243; icon_color=&#8220;#a20e3e&#8220; image_icon_background_color=&#8220;#ffffff&#8220; image_icon_width=&#8220;48px&#8220; _builder_version=&#8220;4.16&#8243; header_level=&#8220;h3&#8243; header_font=&#8220;Open Sans||||||||&#8220; header_font_size=&#8220;26&#8243; image_icon_custom_padding=&#8220;25px|25px|25px|25px|false|false&#8220; text_orientation=&#8220;center&#8220; border_radii_image=&#8220;on|100%|100%|100%|100%&#8220; border_width_all_image=&#8220;3px&#8220; border_color_all_image=&#8220;#a20e3e&#8220; use_circle=&#8220;on&#8220; use_circle_border=&#8220;on&#8220; circle_border_color=&#8220;#a20e3e&#8220; circle_color=&#8220;#ffffff&#8220; global_colors_info=&#8220;{}&#8220; image_icon_background_color__sticky_enabled=&#8220;#7EBEC5&#8243; image_icon_background_color__sticky=&#8220;#7EBEC5&#8243;]<strong>I\u010cO: 01918958<br \/>\n<\/strong>zaps\u00e1no:\u00a0 31. 10. 2017<br \/>\nB 22955 veden\u00e1 u M\u011bstsk\u00e9ho soudu v Praze<br \/>\n[\/et_pb_blurb][\/et_pb_column][et_pb_column type=&#8220;1_3&#8243; _builder_version=&#8220;4.16&#8243; custom_padding=&#8220;|||&#8220; global_colors_info=&#8220;{}&#8220; custom_padding__hover=&#8220;|||&#8220;][et_pb_blurb title=&#8220;Kontakty&#8220; use_icon=&#8220;on&#8220; font_icon=&#8220;&#xe090;||divi||400&#8243; icon_color=&#8220;#a20e3e&#8220; image_icon_background_color=&#8220;#ffffff&#8220; image_icon_width=&#8220;48px&#8220; _builder_version=&#8220;4.17.1&#8243; header_level=&#8220;h3&#8243; header_font=&#8220;Open Sans||||||||&#8220; header_font_size=&#8220;26&#8243; image_icon_custom_padding=&#8220;25px|25px|25px|25px|false|false&#8220; text_orientation=&#8220;center&#8220; hover_enabled=&#8220;0&#8243; border_radii_image=&#8220;on|100%|100%|100%|100%&#8220; border_width_all_image=&#8220;3px&#8220; border_color_all_image=&#8220;#a20e3e&#8220; use_circle=&#8220;on&#8220; use_circle_border=&#8220;on&#8220; circle_border_color=&#8220;#a20e3e&#8220; circle_color=&#8220;#ffffff&#8220; global_colors_info=&#8220;{}&#8220; image_icon_background_color__sticky_enabled=&#8220;#7EBEC5&#8243; image_icon_background_color__sticky=&#8220;#7EBEC5&#8243; sticky_enabled=&#8220;0&#8243;]<\/p>\n<p><strong>Ing. Jan Sellner<\/strong><br \/>e-mail:\u00a0<a href=\"mailto:jan.sellner@sudop-group.cz\">jan.sellner@sudop-group.cz<\/a><br \/>tel: +420 705 622 570<\/p>\n<p>[\/et_pb_blurb][\/et_pb_column][\/et_pb_row][\/et_pb_section]<\/p>\n","protected":false},"excerpt":{"rendered":"<p>Spole\u010dnost byla zalo\u017eena pro \u00fa\u010dely pron\u00e1jmu nemovitost\u00ed, byt\u016f a nebytov\u00fdch prostor Obchodn\u00ed a kontaktn\u00ed \u00fadaje akciov\u00e9 spole\u010dnosti SUDOP Real. SUDOP Real a.s. Ol\u0161ansk\u00e1 2643\/1a 130 00, Praha &#8211; \u017di\u017ekov I\u010cO: 01918958 zaps\u00e1no:\u00a0 31. 10. 2017 B 22955 veden\u00e1 u M\u011bstsk\u00e9ho soudu v Praze Ing. Jan Sellnere-mail:\u00a0jan.sellner@sudop-group.cztel: +420 705 622 570<\/p>\n","protected":false},"author":1,"featured_media":0,"parent":0,"menu_order":0,"comment_status":"closed","ping_status":"closed","template":"","meta":{"_et_pb_use_builder":"on","_et_pb_old_content":"","_et_gb_content_width":""},"_links":{"self":[{"href":"https:\/\/www.sudopreal.cz\/index.php\/wp-json\/wp\/v2\/pages\/46526"}],"collection":[{"href":"https:\/\/www.sudopreal.cz\/index.php\/wp-json\/wp\/v2\/pages"}],"about":[{"href":"https:\/\/www.sudopreal.cz\/index.php\/wp-json\/wp\/v2\/types\/page"}],"author":[{"embeddable":true,"href":"https:\/\/www.sudopreal.cz\/index.php\/wp-json\/wp\/v2\/users\/1"}],"replies":[{"embeddable":true,"href":"https:\/\/www.sudopreal.cz\/index.php\/wp-json\/wp\/v2\/comments?post=46526"}],"version-history":[{"count":6,"href":"https:\/\/www.sudopreal.cz\/index.php\/wp-json\/wp\/v2\/pages\/46526\/revisions"}],"predecessor-version":[{"id":46930,"href":"https:\/\/www.sudopreal.cz\/index.php\/wp-json\/wp\/v2\/pages\/46526\/revisions\/46930"}],"wp:attachment":[{"href":"https:\/\/www.sudopreal.cz\/index.php\/wp-json\/wp\/v2\/media?parent=46526"}],"curies":[{"name":"wp","href":"https:\/\/api.w.org\/{rel}","templated":true}]}}